{"id":1406,"date":"2021-03-25T17:32:03","date_gmt":"2021-03-25T16:32:03","guid":{"rendered":"https:\/\/kalilaetdimna.com\/?page_id=1406"},"modified":"2021-03-25T17:35:59","modified_gmt":"2021-03-25T16:35:59","slug":"success","status":"publish","type":"page","link":"https:\/\/kalilaetdimna.com\/index.php\/success\/","title":{"rendered":"Success"},"content":{"rendered":"\n[et_pb_section fb_built=\u00a0\u00bb1&Prime; _builder_version=\u00a0\u00bb4.9.2&Prime; _module_preset=\u00a0\u00bbdefault\u00a0\u00bb][et_pb_row _builder_version=\u00a0\u00bb4.9.2&Prime; _module_preset=\u00a0\u00bbdefault\u00a0\u00bb][et_pb_column _builder_version=\u00a0\u00bb4.9.2&Prime; _module_preset=\u00a0\u00bbdefault\u00a0\u00bb type=\u00a0\u00bb4_4&Prime;][et_pb_text _builder_version=\u00a0\u00bb4.9.2&Prime; _module_preset=\u00a0\u00bbdefault\u00a0\u00bb text_font=\u00a0\u00bbKG Blank Space Solid|600||on|||||\u00a0\u00bb text_text_color=\u00a0\u00bb#0c59ac\u00a0\u00bb text_font_size=\u00a0\u00bb35px\u00a0\u00bb text_letter_spacing=\u00a0\u00bb1px\u00a0\u00bb text_line_height=\u00a0\u00bb1.5em\u00a0\u00bb]<p>Commande r\u00e9ussie !<\/p>[\/et_pb_text][\/et_pb_column][\/et_pb_row][et_pb_row _builder_version=\u00a0\u00bb4.9.2&Prime; _module_preset=\u00a0\u00bbdefault\u00a0\u00bb][et_pb_column _builder_version=\u00a0\u00bb4.9.2&Prime; _module_preset=\u00a0\u00bbdefault\u00a0\u00bb type=\u00a0\u00bb4_4&Prime;][et_pb_text _builder_version=\u00a0\u00bb4.9.2&Prime; _module_preset=\u00a0\u00bbdefault\u00a0\u00bb hover_enabled=\u00a0\u00bb0&Prime; sticky_enabled=\u00a0\u00bb0&Prime; text_font=\u00a0\u00bbOpen Sans||||||||\u00a0\u00bb text_font_size=\u00a0\u00bb16px\u00a0\u00bb text_line_height=\u00a0\u00bb1.5em\u00a0\u00bb]<p>Merci pour votre confiance, et bienvenue dans la grande famille de Kalila &amp; Dimna Magazine !<\/p>\n<p>\u00c0 tr\u00e8s bient\u00f4t pour le prochain num\u00e9ro incha&rsquo;allah !<\/p>[\/et_pb_text][\/et_pb_column][\/et_pb_row][\/et_pb_section]\n","protected":false},"excerpt":{"rendered":"<p>Commande r\u00e9ussie !Merci pour votre confiance, et bienvenue dans la grande famille de Kalila &amp; Dimna Magazine ! \u00c0 tr\u00e8s bient\u00f4t pour le prochain num\u00e9ro incha&rsquo;allah !<\/p>\n","protected":false},"author":1,"featured_media":0,"parent":0,"menu_order":0,"comment_status":"closed","ping_status":"closed","template":"","meta":{"_et_pb_use_builder":"on","_et_pb_old_content":"","_et_gb_content_width":"","footnotes":""},"class_list":["post-1406","page","type-page","status-publish","hentry"],"jetpack_sharing_enabled":true,"_links":{"self":[{"href":"https:\/\/kalilaetdimna.com\/index.php\/wp-json\/wp\/v2\/pages\/1406","targetHints":{"allow":["GET"]}}],"collection":[{"href":"https:\/\/kalilaetdimna.com\/index.php\/wp-json\/wp\/v2\/pages"}],"about":[{"href":"https:\/\/kalilaetdimna.com\/index.php\/wp-json\/wp\/v2\/types\/page"}],"author":[{"embeddable":true,"href":"https:\/\/kalilaetdimna.com\/index.php\/wp-json\/wp\/v2\/users\/1"}],"replies":[{"embeddable":true,"href":"https:\/\/kalilaetdimna.com\/index.php\/wp-json\/wp\/v2\/comments?post=1406"}],"version-history":[{"count":3,"href":"https:\/\/kalilaetdimna.com\/index.php\/wp-json\/wp\/v2\/pages\/1406\/revisions"}],"predecessor-version":[{"id":1414,"href":"https:\/\/kalilaetdimna.com\/index.php\/wp-json\/wp\/v2\/pages\/1406\/revisions\/1414"}],"wp:attachment":[{"href":"https:\/\/kalilaetdimna.com\/index.php\/wp-json\/wp\/v2\/media?parent=1406"}],"curies":[{"name":"wp","href":"https:\/\/api.w.org\/{rel}","templated":true}]}}