{"id":41,"date":"2021-03-11T20:57:44","date_gmt":"2021-03-11T19:57:44","guid":{"rendered":"http:\/\/kalilaetdimna.com\/?page_id=41"},"modified":"2021-06-08T06:17:32","modified_gmt":"2021-06-08T05:17:32","slug":"notre-histoire","status":"publish","type":"page","link":"https:\/\/kalilaetdimna.com\/index.php\/notre-histoire\/","title":{"rendered":"Notre histoire"},"content":{"rendered":"<p>[et_pb_section fb_built=\u00a0\u00bb1&Prime; _builder_version=\u00a0\u00bb4.9.2&Prime; _module_preset=\u00a0\u00bbdefault\u00a0\u00bb][et_pb_row _builder_version=\u00a0\u00bb4.9.2&Prime; _module_preset=\u00a0\u00bbdefault\u00a0\u00bb][et_pb_column type=\u00a0\u00bb4_4&Prime; _builder_version=\u00a0\u00bb4.9.2&Prime; _module_preset=\u00a0\u00bbdefault\u00a0\u00bb][et_pb_text _builder_version=\u00a0\u00bb4.9.2&Prime; _module_preset=\u00a0\u00bbdefault\u00a0\u00bb text_font=\u00a0\u00bbKG Blank Space Solid|600||on|||||\u00a0\u00bb text_text_color=\u00a0\u00bb#0c59ac\u00a0\u00bb text_font_size=\u00a0\u00bb35px\u00a0\u00bb text_letter_spacing=\u00a0\u00bb1px\u00a0\u00bb text_line_height=\u00a0\u00bb1.5em\u00a0\u00bb]<\/p>\n<p>Notre histoire<\/p>\n<p>[\/et_pb_text][\/et_pb_column][\/et_pb_row][et_pb_row _builder_version=\u00a0\u00bb4.9.2&Prime; _module_preset=\u00a0\u00bbdefault\u00a0\u00bb][et_pb_column type=\u00a0\u00bb4_4&Prime; _builder_version=\u00a0\u00bb4.9.2&Prime; _module_preset=\u00a0\u00bbdefault\u00a0\u00bb][et_pb_text _builder_version=\u00a0\u00bb4.9.2&Prime; _module_preset=\u00a0\u00bbdefault\u00a0\u00bb text_font=\u00a0\u00bbKG Blank Space Solid|600|||||||\u00a0\u00bb text_text_color=\u00a0\u00bb#e94d2b\u00a0\u00bb text_font_size=\u00a0\u00bb25px\u00a0\u00bb text_line_height=\u00a0\u00bb1.5em\u00a0\u00bb]<\/p>\n<p style=\"text-align: left;\">De l&rsquo;id\u00e9e&#8230;<\/p>\n<p>[\/et_pb_text][et_pb_text _builder_version=\u00a0\u00bb4.9.2&Prime; _module_preset=\u00a0\u00bbdefault\u00a0\u00bb text_font_size=\u00a0\u00bb18px\u00a0\u00bb text_line_height=\u00a0\u00bb1.5em\u00a0\u00bb custom_margin=\u00a0\u00bb||60px|||\u00a0\u00bb custom_padding=\u00a0\u00bb||0px|||\u00a0\u00bb inline_fonts=\u00a0\u00bbKG Blank Space Solid\u00a0\u00bb]<\/p>\n<p>En parcourant le rayon jeunesse des librairies musulmanes, on est frapp\u00e9 par un constat : il n&rsquo;y a malheureusement que tr\u00e8s peu de livres pour faire d\u00e9couvrir l&rsquo;islam \u00e0 nos chers bambins.<\/p>\n<p>Cependant, face \u00e0 la demande croissante, ces derni\u00e8res ann\u00e9es ont vu appara\u00eetre sur le march\u00e9 francophone une multitude de projets innovants et exigeants d\u00e9di\u00e9s \u00e0 nos enfants : maisons d&rsquo;\u00e9dition, jeux \u00e9ducatifs, dessins anim\u00e9s, &#8230;<\/p>\n<p><span style=\"color: #0c71c3; font-family: KG Blank Space Solid; font-weight: normal; font-size: large;\"><strong>C&rsquo;est l\u00e0 qu&rsquo;arrive Kalila &amp; Dimna Magazine !<\/strong><\/span><\/p>\n<p>[\/et_pb_text][et_pb_text _builder_version=\u00a0\u00bb4.9.2&Prime; _module_preset=\u00a0\u00bbdefault\u00a0\u00bb text_font=\u00a0\u00bbKG Blank Space Solid|600|||||||\u00a0\u00bb text_text_color=\u00a0\u00bb#e94d2b\u00a0\u00bb text_font_size=\u00a0\u00bb25px\u00a0\u00bb text_line_height=\u00a0\u00bb1.5em\u00a0\u00bb]<\/p>\n<p style=\"text-align: left;\">&#8230; au projet<\/p>\n<p>[\/et_pb_text][et_pb_text _builder_version=\u00a0\u00bb4.9.2&Prime; _module_preset=\u00a0\u00bbdefault\u00a0\u00bb text_font_size=\u00a0\u00bb18px\u00a0\u00bb text_line_height=\u00a0\u00bb1.5em\u00a0\u00bb custom_margin=\u00a0\u00bb||60px|||\u00a0\u00bb inline_fonts=\u00a0\u00bbKG Blank Space Solid\u00a0\u00bb]<\/p>\n<p>Kalila et Dimna c&rsquo;est :<\/p>\n<p>&#8211; un <strong>beau magazine<\/strong>, \u00e0 mettre entre les mains de tous les enfants, pour d\u00e9couvrir leur religion et le monde en s&rsquo;amusant<\/p>\n<p>&#8211; un <strong>outil rigoureux et \u00e9tudi\u00e9<\/strong>, pour accompagner les parents en toute confiance dans l&rsquo;\u00e9veil de leurs enfants \u00e0 la foi<\/p>\n<p>&#8211; une <strong>mine d&rsquo;or pour les professeurs<\/strong>, avec de nombreuses ressources p\u00e9dagogiques \u00e0 utiliser en classe<\/p>\n<p>[\/et_pb_text][et_pb_text _builder_version=\u00a0\u00bb4.9.2&Prime; _module_preset=\u00a0\u00bbdefault\u00a0\u00bb text_font=\u00a0\u00bbKG Blank Space Solid|600|||||||\u00a0\u00bb text_text_color=\u00a0\u00bb#e94d2b\u00a0\u00bb text_font_size=\u00a0\u00bb25px\u00a0\u00bb text_line_height=\u00a0\u00bb1.5em\u00a0\u00bb]<\/p>\n<p style=\"text-align: left;\">Pourquoi un magazine ?<\/p>\n<p>[\/et_pb_text][et_pb_text _builder_version=\u00a0\u00bb4.9.2&Prime; _module_preset=\u00a0\u00bbdefault\u00a0\u00bb text_font_size=\u00a0\u00bb18px\u00a0\u00bb text_line_height=\u00a0\u00bb1.5em\u00a0\u00bb custom_margin=\u00a0\u00bb||60px|||\u00a0\u00bb inline_fonts=\u00a0\u00bbKG Blank Space Solid\u00a0\u00bb]<\/p>\n<p>La religion, c&rsquo;est un apprentissage de tous les jours.<\/p>\n<p>Tous les jours, les enfants se posent des questions sur Dieu \ufdfb, sur le Proph\u00e8te \ufdfa,\u00a0 sur l&rsquo;\u00e9cole, les adultes, la nature, sur eux-m\u00eames, &#8230;<\/p>\n<p>Avec Kalila &amp; Dimna magazine, vous offrez \u00e0 votre enfant le plus beau des cadeaux : un magazine rien qu&rsquo;\u00e0 lui, qu&rsquo;il recevra <strong>tous les 2 mois dans la bo\u00eete aux lettres<\/strong>, pour r\u00e9pondre \u00e0 ses questions et cultiver sa curiosit\u00e9.<\/p>\n<p>[\/et_pb_text][et_pb_text _builder_version=\u00a0\u00bb4.9.2&Prime; _module_preset=\u00a0\u00bbdefault\u00a0\u00bb text_font=\u00a0\u00bbKG Blank Space Solid|600|||||||\u00a0\u00bb text_text_color=\u00a0\u00bb#e94d2b\u00a0\u00bb text_font_size=\u00a0\u00bb25px\u00a0\u00bb text_line_height=\u00a0\u00bb1.5em\u00a0\u00bb]<\/p>\n<p style=\"text-align: left;\">Kalila ? Dimna ? K\u00e9sako ?!<\/p>\n<p>[\/et_pb_text][et_pb_text _builder_version=\u00a0\u00bb4.9.2&Prime; _module_preset=\u00a0\u00bbdefault\u00a0\u00bb text_font_size=\u00a0\u00bb18px\u00a0\u00bb text_line_height=\u00a0\u00bb1.5em\u00a0\u00bb inline_fonts=\u00a0\u00bbKG Blank Space Solid\u00a0\u00bb]<\/p>\n<p><span class=\"\" title=\"Modifi\u00e9\">Notre magazine se nomme ainsi en hommage \u00e0 <strong>\u00ab Kal\u00eela wa Dimna \u00bb<\/strong>, un recueil de fables indiennes traduites en persan \u00e0 la demande de l&#8217;empereur Khosro I (m. 579), puis traduites et adapt\u00e9es en arabe par <strong>Ibn al-Muqaffa\u2018<\/strong> (m. 756), grand prosateur arabe d&rsquo;origine persane, converti \u00e0 l&rsquo;islam. Il y insiste sur diverses valeurs morales et politiques telles que l&rsquo;\u00e9thique, la vertu, la prudence, &#8230;<\/span><\/p>\n<p><span class=\"\" title=\"Modifi\u00e9\">Cet ouvrage \u00e9tait \u00e0 l&rsquo;origine <strong>destin\u00e9 \u00e0 l&rsquo;\u00e9ducation des princes<\/strong>, mais son \u00e9cho fut tel qu&rsquo;il devint source d&rsquo;inspiration pour de nombreux \u00e9crivains. Citons par exemple les fr\u00e8res Grimm, ou <strong>La Fontaine<\/strong>, qui en tira parmi ses fables les plus fameuses : La Laiti\u00e8re et le Pot au Lait, La Tortue et les Deux Canards, etc.<\/span><\/p>\n<p><span class=\"\" title=\"Modifi\u00e9\"><span class=\"\">Notre magazine a pour mission d&rsquo;ouvrir les enfants \u00e0 la foi et au monde : nature, histoire, culture, sciences, &#8230; Pour cela, une seule devise : <strong>\u00ab Apprendre en s&rsquo;amusant ! \u00bb<\/strong><br \/>\u2800<br \/>Dans son ouvrage \u00ab Kal\u00eela wa Dimna \u00bb, Ibn al-Muqaffa\u2018 d\u00e9crit les vices et les vertus humaines sous forme de fables o\u00f9 se m\u00ealent hommes et animaux. On y retrouve <strong>Kal\u00eela et Dimna, deux fr\u00e8res chacals<\/strong> : le premier, sage et r\u00e9fl\u00e9chi, le second, t\u00e9m\u00e9raire et enflamm\u00e9.<br \/>\u2800<br \/>Dimna ayant pour ambition de s&rsquo;impliquer \u00e0 la cour du Lion, roi de la for\u00eat, Kal\u00eela tente de le raisonner et de l&rsquo;instruire en lui contant diverses anecdotes insolites, dr\u00f4les et rocambolesques.<\/span><\/span><span class=\"\" title=\"Modifi\u00e9\"><span class=\"\"><span style=\"color: #0c71c3; font-family: KG Blank Space Solid; font-weight: normal; font-size: large;\"><strong><\/strong><\/span><\/span><\/span><\/p>\n<p><span class=\"\" title=\"Modifi\u00e9\"><span class=\"\">En nous faisant rire, il nous donne \u00e0 r\u00e9fl\u00e9chir.<\/span><\/span><\/p>\n<p><span class=\"\" title=\"Modifi\u00e9\"><\/span><\/p>\n<p>[\/et_pb_text][\/et_pb_column][\/et_pb_row][et_pb_row _builder_version=\u00a0\u00bb4.9.2&Prime; _module_preset=\u00a0\u00bbdefault\u00a0\u00bb][et_pb_column type=\u00a0\u00bb4_4&Prime; _builder_version=\u00a0\u00bb4.9.2&Prime; _module_preset=\u00a0\u00bbdefault\u00a0\u00bb][et_pb_button button_url=\u00a0\u00bb@ET-DC@eyJkeW5hbWljIjp0cnVlLCJjb250ZW50IjoicG9zdF9saW5rX3VybF9wYWdlIiwic2V0dGluZ3MiOnsicG9zdF9pZCI6Ijk3NiJ9fQ==@\u00a0\u00bb button_text=\u00a0\u00bbVous m&rsquo;avez convaincu ! Je veux m&rsquo;abonner \u00e0 Kalila &#038; Dimna !\u00a0\u00bb button_alignment=\u00a0\u00bbcenter\u00a0\u00bb _builder_version=\u00a0\u00bb4.9.2&Prime; _dynamic_attributes=\u00a0\u00bbbutton_url\u00a0\u00bb _module_preset=\u00a0\u00bbdefault\u00a0\u00bb custom_button=\u00a0\u00bbon\u00a0\u00bb button_text_size=\u00a0\u00bb14px\u00a0\u00bb button_text_color=\u00a0\u00bb#FFFFFF\u00a0\u00bb button_bg_color=\u00a0\u00bb#ffba49&Prime; button_border_width=\u00a0\u00bb8px\u00a0\u00bb button_border_color=\u00a0\u00bb#ffba49&Prime; button_letter_spacing=\u00a0\u00bb2px\u00a0\u00bb button_font=\u00a0\u00bbMontserrat|700||on|||||\u00a0\u00bb button_use_icon=\u00a0\u00bboff\u00a0\u00bb][\/et_pb_button][\/et_pb_column][\/et_pb_row][\/et_pb_section]<\/p>\n","protected":false},"excerpt":{"rendered":"<p>Notre histoireDe l&rsquo;id\u00e9e&#8230;En parcourant le rayon jeunesse des librairies musulmanes, on est frapp\u00e9 par un constat : il n&rsquo;y a malheureusement que tr\u00e8s peu de livres pour faire d\u00e9couvrir l&rsquo;islam \u00e0 nos chers bambins. Cependant, face \u00e0 la demande croissante, ces derni\u00e8res ann\u00e9es ont vu appara\u00eetre sur le march\u00e9 francophone une multitude de projets innovants [&hellip;]<\/p>\n","protected":false},"author":1,"featured_media":0,"parent":0,"menu_order":0,"comment_status":"closed","ping_status":"closed","template":"","meta":{"_et_pb_use_builder":"on","_et_pb_old_content":"","_et_gb_content_width":"1080","footnotes":""},"class_list":["post-41","page","type-page","status-publish","hentry"],"jetpack_sharing_enabled":true,"_links":{"self":[{"href":"https:\/\/kalilaetdimna.com\/index.php\/wp-json\/wp\/v2\/pages\/41","targetHints":{"allow":["GET"]}}],"collection":[{"href":"https:\/\/kalilaetdimna.com\/index.php\/wp-json\/wp\/v2\/pages"}],"about":[{"href":"https:\/\/kalilaetdimna.com\/index.php\/wp-json\/wp\/v2\/types\/page"}],"author":[{"embeddable":true,"href":"https:\/\/kalilaetdimna.com\/index.php\/wp-json\/wp\/v2\/users\/1"}],"replies":[{"embeddable":true,"href":"https:\/\/kalilaetdimna.com\/index.php\/wp-json\/wp\/v2\/comments?post=41"}],"version-history":[{"count":23,"href":"https:\/\/kalilaetdimna.com\/index.php\/wp-json\/wp\/v2\/pages\/41\/revisions"}],"predecessor-version":[{"id":1811,"href":"https:\/\/kalilaetdimna.com\/index.php\/wp-json\/wp\/v2\/pages\/41\/revisions\/1811"}],"wp:attachment":[{"href":"https:\/\/kalilaetdimna.com\/index.php\/wp-json\/wp\/v2\/media?parent=41"}],"curies":[{"name":"wp","href":"https:\/\/api.w.org\/{rel}","templated":true}]}}