{"id":51,"date":"2021-03-11T22:09:17","date_gmt":"2021-03-11T21:09:17","guid":{"rendered":"http:\/\/kalilaetdimna.com\/?page_id=51"},"modified":"2024-06-02T00:16:16","modified_gmt":"2024-06-01T23:16:16","slug":"mentions-legales","status":"publish","type":"page","link":"https:\/\/kalilaetdimna.com\/index.php\/mentions-legales\/","title":{"rendered":"Mentions l\u00e9gales"},"content":{"rendered":"<p>[et_pb_section fb_built=\u00a0\u00bb1&Prime; _builder_version=\u00a0\u00bb4.16&Prime; global_colors_info=\u00a0\u00bb{}\u00a0\u00bb][et_pb_row _builder_version=\u00a0\u00bb4.16&Prime; _module_preset=\u00a0\u00bbdefault\u00a0\u00bb global_colors_info=\u00a0\u00bb{}\u00a0\u00bb][et_pb_column type=\u00a0\u00bb4_4&Prime; _builder_version=\u00a0\u00bb4.16&Prime; _module_preset=\u00a0\u00bbdefault\u00a0\u00bb global_colors_info=\u00a0\u00bb{}\u00a0\u00bb][et_pb_text _builder_version=\u00a0\u00bb4.16&Prime; _module_preset=\u00a0\u00bbdefault\u00a0\u00bb text_font=\u00a0\u00bbKG Blank Space Solid|600||on|||||\u00a0\u00bb text_text_color=\u00a0\u00bb#0c59ac\u00a0\u00bb text_font_size=\u00a0\u00bb35px\u00a0\u00bb text_letter_spacing=\u00a0\u00bb1px\u00a0\u00bb text_line_height=\u00a0\u00bb1.5em\u00a0\u00bb global_colors_info=\u00a0\u00bb{}\u00a0\u00bb]<\/p>\n<p>Mentions l\u00e9gales<\/p>\n<p>[\/et_pb_text][\/et_pb_column][\/et_pb_row][et_pb_row _builder_version=\u00a0\u00bb4.16&Prime; background_size=\u00a0\u00bbinitial\u00a0\u00bb background_position=\u00a0\u00bbtop_left\u00a0\u00bb background_repeat=\u00a0\u00bbrepeat\u00a0\u00bb global_colors_info=\u00a0\u00bb{}\u00a0\u00bb][et_pb_column type=\u00a0\u00bb4_4&Prime; _builder_version=\u00a0\u00bb4.16&Prime; custom_padding=\u00a0\u00bb|||\u00a0\u00bb global_colors_info=\u00a0\u00bb{}\u00a0\u00bb custom_padding__hover=\u00a0\u00bb|||\u00a0\u00bb][et_pb_text _builder_version=\u00a0\u00bb4.16&Prime; text_font=\u00a0\u00bbOpen Sans||||||||\u00a0\u00bb background_size=\u00a0\u00bbinitial\u00a0\u00bb background_position=\u00a0\u00bbtop_left\u00a0\u00bb background_repeat=\u00a0\u00bbrepeat\u00a0\u00bb global_colors_info=\u00a0\u00bb{}\u00a0\u00bb]<\/p>\n<p>Le site Kalila &amp; Dimna est \u00e9dit\u00e9 par NUN<br \/>Soci\u00e9t\u00e9 par actions simplifi\u00e9e au capital de 1000 \u20ac<br \/>RCS \u00c9vry : B 895 026 250<br \/>Code TVA intracommunautaire : FR 15 342 069 143<br \/>Si\u00e8ge Social : NUN \u2013 2 all\u00e9e de l&rsquo;ob\u00e9lisque \u2013 91350 Grigny<br \/>Adresse courrier \u00e9lectronique : salam@kalilaetdimna.com<br \/>Pr\u00e9sident et directeur de la publication : Mohamad Fahmi<br \/>H\u00e9bergeur : Hostinger International Ltd. \u2013 61 Lordou Vironos str., 6023 Larnaca, Chypre \u2013 support@hostinger.com<\/p>\n<p>[\/et_pb_text][\/et_pb_column][\/et_pb_row][et_pb_row _builder_version=\u00a0\u00bb4.16&Prime; _module_preset=\u00a0\u00bbdefault\u00a0\u00bb global_colors_info=\u00a0\u00bb{}\u00a0\u00bb][et_pb_column type=\u00a0\u00bb4_4&Prime; _builder_version=\u00a0\u00bb4.16&Prime; _module_preset=\u00a0\u00bbdefault\u00a0\u00bb global_colors_info=\u00a0\u00bb{}\u00a0\u00bb][et_pb_text _builder_version=\u00a0\u00bb4.16&Prime; _module_preset=\u00a0\u00bbdefault\u00a0\u00bb text_font=\u00a0\u00bbKG Blank Space Solid|600||on|||||\u00a0\u00bb text_text_color=\u00a0\u00bb#0c59ac\u00a0\u00bb text_font_size=\u00a0\u00bb35px\u00a0\u00bb text_letter_spacing=\u00a0\u00bb1px\u00a0\u00bb text_line_height=\u00a0\u00bb1.5em\u00a0\u00bb global_colors_info=\u00a0\u00bb{}\u00a0\u00bb]<\/p>\n<p>Cr\u00e9dits<\/p>\n<p>[\/et_pb_text][\/et_pb_column][\/et_pb_row][et_pb_row _builder_version=\u00a0\u00bb4.16&Prime; _module_preset=\u00a0\u00bbdefault\u00a0\u00bb global_colors_info=\u00a0\u00bb{}\u00a0\u00bb][et_pb_column type=\u00a0\u00bb4_4&Prime; _builder_version=\u00a0\u00bb4.16&Prime; _module_preset=\u00a0\u00bbdefault\u00a0\u00bb global_colors_info=\u00a0\u00bb{}\u00a0\u00bb][et_pb_text _builder_version=\u00a0\u00bb4.16&Prime; text_font=\u00a0\u00bbOpen Sans||||||||\u00a0\u00bb background_size=\u00a0\u00bbinitial\u00a0\u00bb background_position=\u00a0\u00bbtop_left\u00a0\u00bb background_repeat=\u00a0\u00bbrepeat\u00a0\u00bb global_colors_info=\u00a0\u00bb{}\u00a0\u00bb]<\/p>\n<p><strong>Cr\u00e9dits illustrations :<\/strong><\/p>\n<p>Couverture Kalila &amp; Dimna : <span style=\"font-weight: 400;\">\u00a9<\/span> NUN<\/p>\n<p>Images \u00ab Kalila &amp; Dimna, c&rsquo;est un magazine&#8230; \u00bb : <span style=\"font-weight: 400;\">\u00a9<\/span> photographeeasia &#8211; www.freepik.com<\/p>\n<p>Autres images : <span style=\"font-weight: 400;\">\u00a9<\/span> NUN<\/p>\n<p>[\/et_pb_text][\/et_pb_column][\/et_pb_row][\/et_pb_section]<\/p>\n","protected":false},"excerpt":{"rendered":"<p>Mentions l\u00e9galesLe site Kalila &amp; Dimna est \u00e9dit\u00e9 par NUNSoci\u00e9t\u00e9 par actions simplifi\u00e9e au capital de 1000 \u20acRCS \u00c9vry : B 895 026 250Code TVA intracommunautaire : FR 15 342 069 143Si\u00e8ge Social : NUN \u2013 2 all\u00e9e de l&rsquo;ob\u00e9lisque \u2013 91350 GrignyAdresse courrier \u00e9lectronique : salam@kalilaetdimna.comPr\u00e9sident et directeur de la publication : Mohamad FahmiH\u00e9bergeur [&hellip;]<\/p>\n","protected":false},"author":1,"featured_media":0,"parent":0,"menu_order":0,"comment_status":"closed","ping_status":"closed","template":"","meta":{"_et_pb_use_builder":"on","_et_pb_old_content":"<!-- wp:paragraph -->\n<p>Le site Kalila &amp; Dimna est \u00e9dit\u00e9 par NUN<br>Soci\u00e9t\u00e9 par actions simplifi\u00e9e au capital de 1000 \u20ac<br>RCS \u00c9vry : 342 069 143<br>Code TVA intracommunautaire : FR 15 342 069 143<br>Si\u00e8ge Social : NUN \u2013 2 all\u00e9e de l'ob\u00e9lisque \u2013 91350 Grigny<br>Adresse courrier \u00e9lectronique : salam@kalilaetdimna.com<br>Pr\u00e9sident et directeur de la publication : Mohamad Fahmi<br>H\u00e9bergeur : Hostinger International Ltd. \u2013 61 Lordou Vironos str., 6023 Larnaca, Chypre \u2013 support@hostinger.com<\/p>\n<!-- \/wp:paragraph -->\n\n<!-- wp:paragraph -->\n<p><\/p>\n<!-- \/wp:paragraph -->","_et_gb_content_width":"1080","footnotes":""},"class_list":["post-51","page","type-page","status-publish","hentry"],"jetpack_sharing_enabled":true,"_links":{"self":[{"href":"https:\/\/kalilaetdimna.com\/index.php\/wp-json\/wp\/v2\/pages\/51","targetHints":{"allow":["GET"]}}],"collection":[{"href":"https:\/\/kalilaetdimna.com\/index.php\/wp-json\/wp\/v2\/pages"}],"about":[{"href":"https:\/\/kalilaetdimna.com\/index.php\/wp-json\/wp\/v2\/types\/page"}],"author":[{"embeddable":true,"href":"https:\/\/kalilaetdimna.com\/index.php\/wp-json\/wp\/v2\/users\/1"}],"replies":[{"embeddable":true,"href":"https:\/\/kalilaetdimna.com\/index.php\/wp-json\/wp\/v2\/comments?post=51"}],"version-history":[{"count":13,"href":"https:\/\/kalilaetdimna.com\/index.php\/wp-json\/wp\/v2\/pages\/51\/revisions"}],"predecessor-version":[{"id":4650,"href":"https:\/\/kalilaetdimna.com\/index.php\/wp-json\/wp\/v2\/pages\/51\/revisions\/4650"}],"wp:attachment":[{"href":"https:\/\/kalilaetdimna.com\/index.php\/wp-json\/wp\/v2\/media?parent=51"}],"curies":[{"name":"wp","href":"https:\/\/api.w.org\/{rel}","templated":true}]}}